{"id":3261,"date":"2024-02-28T16:15:20","date_gmt":"2024-02-28T16:15:20","guid":{"rendered":"https:\/\/lublux.com\/?page_id=3261"},"modified":"2024-08-31T02:14:57","modified_gmt":"2024-08-31T02:14:57","slug":"ford-transit","status":"publish","type":"page","link":"https:\/\/lublux.com\/index.php\/ford-transit\/","title":{"rendered":"Ford Transit"},"content":{"rendered":"\t\t<div data-elementor-type=\"wp-page\" data-elementor-id=\"3261\" class=\"elementor elementor-3261\">\n\t\t\t\t<div class=\"elementor-element elementor-element-1870a4f e-flex e-con-boxed e-con e-parent\" data-id=\"1870a4f\" data-element_type=\"container\" data-e-type=\"container\">\n\t\t\t\t\t<div class=\"e-con-inner\">\n\t\t\t\t<div class=\"elementor-element elementor-element-8fe5a7e elementor-widget elementor-widget-Elementor-About-widget\" data-id=\"8fe5a7e\" data-element_type=\"widget\" data-e-type=\"widget\" data-widget_type=\"Elementor-About-widget.default\">\n\t\t\t\t<div class=\"elementor-widget-container\">\n\t\t\t\t\t<!-- about-area -->\n<section class=\"about-area about-p pb-120 p-relative fix\">\n    <div class=\"container\">\n        <div class=\"row justify-content-center align-items-center\">\n             <div class=\"col-lg-6 col-md-12 col-sm-12\">\n                <div class=\"s-about-img p-relative  wow fadeInLeft animated\" data-animation=\"fadeInLeft\" data-delay=\".4s\">\n                     <img decoding=\"async\" src=\"https:\/\/lublux.com\/wp-content\/uploads\/2024\/02\/bus-2-1.jpg\" alt=\"https:\/\/lublux.com\/wp-content\/uploads\/2024\/02\/bus-2-1.jpg\">  \n                <\/div>\n\n            <\/div>\n\n        <div class=\"col-lg-6 col-md-12 col-sm-12\">\n                <div class=\"about-content s-about-content  wow fadeInRight  animated\" data-animation=\"fadeInRight\" data-delay=\".4s\">\n                    <div class=\"about-title second-title pb-25\">  \n                         <h2>Ford Transit<\/h2>                                    \n                    <\/div>\n                      <ul class=\"product-qulity\">\n                           <p><b>Jego zalety to mi\u0119dzy innymi:<\/b><\/p>\n<ul>\n    <li>\u2022 Regulowane oparcia wszystkich 9 foteli<\/li>\n    <li>\u2022 Podgrzewane fotele przednie<\/li>\n    <li>\u2022 170 konny silnik, kt\u00f3ry zapewni przyjemne i bezpieczne podr\u00f3\u017cowanie ( spalanie ok 8 l \/ 100 km )<\/li>\n    <li>\u2022 Parktronic prz\u00f3d i ty\u0142, kt\u00f3re u\u0142atwi\u0105 parkowanie<\/li>\n    <li>\u2022 Lod\u00f3wka<\/li>\n    <li>\u2022 Ubezpieczenie Autosasco, OC oraz Asistance<\/li>\n    <li>\u2022 Klimatyzacja strefowa<\/li>\n    <li>\u2022 Bluetooth<\/li>\n    <li>\u2022 Asystent jazdy<\/li>\n    <li>\u2022 Pojemny baga\u017cnik<\/li>\n    <li>\u2022 Tempomat<\/li>\n<\/ul>                      <\/ul>\n                <\/div>\n            <\/div>\n\n        <\/div>\n    <\/div>\n<\/section>\n<!-- about-area-end -->\t\t\t\t<\/div>\n\t\t\t\t<\/div>\n\t\t\t\t<div class=\"elementor-element elementor-element-015e843 elementor-widget elementor-widget-shortcode\" data-id=\"015e843\" data-element_type=\"widget\" data-e-type=\"widget\" data-widget_type=\"shortcode.default\">\n\t\t\t\t<div class=\"elementor-widget-container\">\n\t\t\t\t\t\t\t<div class=\"elementor-shortcode\"> <div id=\"form_id1515254764681\"  class=\"wpbc_container wpbc_container_booking_form  \" ><form  id=\"booking_form2\"   class=\"booking_form vertical\" method=\"post\" action=\"\"><div id=\"ajax_respond_insert2\" class=\"ajax_respond_insert\" style=\"display:none;\"><\/div><a name=\"bklnk2\" id=\"bklnk2\"><\/a><div id=\"booking_form_div2\" class=\"booking_form_div\"><style type=\"text\/css\">.wpbc_container_booking_form .block_hints, .wpbc_booking_form_simple.wpbc_form_center .wpbc__form__div .wpbc__row.wpbc_r_calendar, .wpbc_booking_form_simple .wpbc__form__div .wpbc__row:not(.wpbc_r_calendar){max-width:440px;} <\/style>\r\n<div class=\"wpbc_booking_form_simple \">\r\n<div class=\"wpbc__row\">\r\n  <div class=\"wpbc__field\">\r\n    <div class=\"wpbc_calendar_wraper wpbc_change_over_triangle\"><div class=\"bk_calendar_frame wpbc_no_custom_width  months_num_in_row_ cal_month_num_1\" style=\"\"><div id=\"calendar_booking2\">Wczytuj\u0119 kalendarz...<\/div><\/div><textarea id=\"date_booking2\" name=\"date_booking2\" autocomplete=\"off\" style=\"display:none;\"><\/textarea><div class=\"block_hints datepick \"><div class=\"wpdev_hint_with_text\"><div class=\"block_free datepick-days-cell\"><a>&nbsp;<\/a><\/div><div class=\"block_text\">- <\/div><div class=\"block_text\">Dost\u0119pne<\/div><\/div><div class=\"wpdev_hint_with_text\"><div class=\"block_booked date_approved\">&nbsp;<\/div><div class=\"block_text\">- <\/div><div class=\"block_text\">Zarezerwowano<\/div><\/div><div class=\"wpdev_hint_with_text\"><div class=\"block_pending date2approve\">&nbsp;<\/div><div class=\"block_text\">- <\/div><div class=\"block_text\">Oczekuj\u0105ce<\/div><\/div><div class=\"wpdev_hint_with_text\"><div class=\"\"><span class=\" wpbc_change_over_triangle\"><div class=\"datepick-inline\" style=\"width:30px !important;border: 0;box-shadow: none;float: left;min-width: 30px;padding: 0;\"><table class=\"datepick\" style=\"\"><tbody><tr><td class=\"datepick-days-cell date_available date2approve timespartly times_clock\" style=\"height: 30px !important;\"><div class=\"wpbc-cell-box\">\t<div class=\"wpbc-diagonal-el\">\t\t<div class=\"wpbc-co-out\"><svg height=\"100%\" width=\"100%\" viewBox=\"0 0 100 100\" preserveAspectRatio=\"none\"><polygon points=\"0,0 0,99 99,0\"><\/polygon><polygon points=\"0,0 0,100 49,100 49,0\"><\/polygon><\/svg><\/div>\t\t<div class=\"wpbc-co-in\"><svg height=\"100%\" width=\"100%\" viewBox=\"0 0 98 98\" preserveAspectRatio=\"none\"><polygon points=\"0,99 99,99 99,0\"><\/polygon><polygon points=\"50,98 98,98 98,0 50,0\"><\/polygon><\/svg><\/div>\t<\/div>\t<div class=\"date-cell-content\">\t\t<div class=\"date-content-top\"><div class=\"wpbc_time_dots\">\u00b7<\/div><\/div>\t\t<a>&nbsp;<\/a>\t\t<div class=\"date-content-bottom\"><\/div>\t<\/div><\/div><\/td><\/tr><\/tbody><\/table><\/div><\/span><\/div><div class=\"block_text\">- <\/div><div class=\"block_text\">Cz\u0119\u015bciowo zarezerwowane<\/div><\/div><\/div><\/div>\r\n  <\/div>\r\n  <div class=\"wpbc__field\">\r\n<div class=\"wpbc__form__div\">\r\n\t<r class=\"wpbc_r_name\">\r\n\t\t<div class=\"wpbc__field\">  <label>Imi\u0119*:<\/label><br><span class=\"wpbc_wrap_text wpdev-form-control-wrap name2\"><input type=\"text\" name=\"name2\" value=\"\" autocomplete=\"name\" class=\"wpdev-validates-as-required\" size=\"40\" \/><\/span><\/div>\r\n\t<\/div>\r\n\t<r class=\"wpbc_r_secondname\">\r\n\t\t<div class=\"wpbc__field\">  <label>Nazwisko*:<\/label><br><span class=\"wpbc_wrap_text wpdev-form-control-wrap secondname2\"><input type=\"text\" name=\"secondname2\" value=\"\" autocomplete=\"secondname\" class=\"wpdev-validates-as-required\" size=\"40\" \/><\/span><\/div>\r\n\t<\/div>\r\n\t<r class=\"wpbc_r_email\">\r\n\t\t<div class=\"wpbc__field\">  <label>Email*:<\/label><br><span class=\"wpbc_wrap_text wpdev-form-control-wrap email2\"><input type=\"text\" name=\"email2\" value=\"\" autocomplete=\"email\" class=\"wpdev-validates-as-email wpdev-validates-as-required\" size=\"40\" \/><\/span><\/div>\r\n\t<\/div>\r\n\t<r class=\"wpbc_r_phone\">\r\n\t\t<div class=\"wpbc__field\">  <label>Dodatkowe informacje:<\/label><br><span class=\"wpbc_wrap_textarea wpdev-form-control-wrap details2\"><textarea name=\"details2\" autocomplete=\"details\"><\/textarea><\/span><\/div>\r\n\t<\/div>\r\n\t<r class=\"wpbc_r_phone\">\r\n\t\t<div class=\"wpbc__field\">  <label>Numer Telefonu*:<\/label><br><span class=\"wpbc_wrap_text wpdev-form-control-wrap phone2\"><input type=\"text\" name=\"phone2\" value=\"\" autocomplete=\"phone\" class=\"wpdev-validates-as-required\" size=\"40\" \/><\/span><\/div>\r\n\t<\/div>\r\n\t<r class=\"wpbc_r_submit\">\r\n\t\t<div class=\"wpbc__field\"> <input type=\"button\" value=\"Wy\u015blij\" class=\"wpbc_button_light btn\" onclick=\"mybooking_submit(this.form,2, 'pl_PL' );\" \/><img decoding=\"async\" class=\"ajax-loader\"  style=\"vertical-align:middle;box-shadow:none;width:14px;visibility: hidden;\" alt=\"ajax loader\" src=\"https:\/\/lublux.com\/wp-content\/plugins\/booking.bs.9.9.1\/assets\/img\/ajax-loader.gif\" \/><\/div>\r\n\t<\/div>\r\n<\/div>\r\n\t<\/div>\r\n\t<\/div>\r\n<\/div><input id=\"bk_type2\" name=\"bk_type2\" class=\"\" type=\"hidden\" value=\"2\" \/><\/div><div id=\"submiting2\"><\/div><div class=\"form_bk_messages\" id=\"form_bk_messages2\" ><\/div><input type=\"hidden\" id=\"wpbc_nonceCALCULATE_THE_COST2\" name=\"wpbc_nonceCALCULATE_THE_COST2\" value=\"171f779d0c\" \/><input type=\"hidden\" name=\"_wp_http_referer\" value=\"\/index.php\/wp-json\/wp\/v2\/pages\/3261\" \/><\/form><\/div><div id=\"booking_form_garbage2\" class=\"booking_form_garbage\"><\/div><script type=\"text\/javascript\">\n                                jQuery(document).ready( function(){\n                                    jQuery(\".widget_wpdev_booking .booking_form.form-horizontal\").removeClass(\"form-horizontal\");\n                                    var visible_booking_id_on_page_num = visible_booking_id_on_page.length;\n                                    if (visible_booking_id_on_page_num !== null ) {\n                                        for (var i=0;i< visible_booking_id_on_page_num ;i++){\n                                          if ( visible_booking_id_on_page[i]==\"booking_form_div2\" ) {\n                                              document.getElementById(\"form_id1515254764681\").innerHTML = \"<span style='color:#A00;font-size:10px;'>Uwaga! Kalendarz rezerwacji dla tego zasobu rezerwacji jest ju\u017c na stronie, sprawd\u017a wi\u0119cej na ten temat tutaj: https:\/\/wpbookingcalendar.com\/faq\/why-the-booking-calendar-widget-not-show-on-page\/<\/span>\";                                                                                                  \n                                              jQuery(\"#form_id1515254764681\").animate( {opacity: 1}, 10000 ).fadeOut(5000);\n                                              return;\n                                          }\n                                        }\n                                        visible_booking_id_on_page[ visible_booking_id_on_page_num ]=\"booking_form_div2\";\n                                    }\n                                });\n                            <\/script> <script type='text\/javascript'> jQuery(document).ready( function(){  _wpbc.balancer__set_max_threads( 3 );  _wpbc.calendar__set_param_value( 2 , 'calendar_scroll_to' , false );  _wpbc.calendar__set_param_value( 2 , 'booking_max_monthes_in_calendar' , '2y' );  _wpbc.calendar__set_param_value( 2 , 'booking_start_day_weeek' , '1' );  _wpbc.calendar__set_param_value( 2 , 'calendar_number_of_months' , '1' );   _wpbc.calendar__set_param_value( 2, 'days_select_mode', 'dynamic' );   _wpbc.calendar__set_param_value( 2, 'fixed__days_num', 3 );   _wpbc.calendar__set_param_value( 2, 'fixed__week_days__start',   [-1] );   _wpbc.calendar__set_param_value( 2, 'dynamic__days_min', 1 );   _wpbc.calendar__set_param_value( 2, 'dynamic__days_max', 30 );   _wpbc.calendar__set_param_value( 2, 'dynamic__days_specific',    [] );   _wpbc.calendar__set_param_value( 2, 'dynamic__week_days__start', [-1] );   _wpbc.calendar__set_param_value( 2, 'booking_date_format', 'F j, Y' );   _wpbc.calendar__set_param_value( 2, 'booking_time_format', 'g:i a' );  _wpbc.set_other_param( 'message_dates_times_unavailable', 'These dates and times in this calendar are already booked or unavailable.' );  _wpbc.set_other_param( 'message_choose_alternative_dates', 'Please choose alternative date(s), times, or adjust the number of slots booked.' );  _wpbc.set_other_param( 'message_cannot_save_in_one_resource', 'It is not possible to store this sequence of the dates into the one same resource.' );  _wpbc.calendar__set_param_value( 2 , 'booking_recurrent_time' , 'Off' );   if ( 'function' === typeof ( wpbc__conditions__SAVE_INITIAL__days_selection_params__bm ) ){ wpbc__conditions__SAVE_INITIAL__days_selection_params__bm( 2 ); }   wpbc_calendar_show( '2' );   _wpbc.set_secure_param( 'nonce',   '57f28036ff' );   _wpbc.set_secure_param( 'user_id', '0' );   _wpbc.set_secure_param( 'locale',  'pl_PL' );  wpbc_calendar__load_data__ajx( {\"resource_id\":2,\"booking_hash\":\"\",\"request_uri\":\"\\\/index.php\\\/wp-json\\\/wp\\\/v2\\\/pages\\\/3261\",\"custom_form\":\"standard\",\"aggregate_resource_id_str\":\"\",\"aggregate_type\":\"all\"} );  } ); <\/script><\/div>\n\t\t\t\t\t\t<\/div>\n\t\t\t\t<\/div>\n\t\t\t\t\t<\/div>\n\t\t\t\t<\/div>\n\t\t<div class=\"elementor-element elementor-element-f759237 e-flex e-con-boxed e-con e-parent\" data-id=\"f759237\" data-element_type=\"container\" data-e-type=\"container\">\n\t\t\t\t\t<div class=\"e-con-inner\">\n\t\t\t\t<div class=\"elementor-element elementor-element-33ff3e4 elementor-widget elementor-widget-shortcode\" data-id=\"33ff3e4\" data-element_type=\"widget\" data-e-type=\"widget\" data-widget_type=\"shortcode.default\">\n\t\t\t\t<div class=\"elementor-widget-container\">\n\t\t\t\t\t\t\t<div class=\"elementor-shortcode\">\n<table id=\"tablepress-2\" class=\"tablepress tablepress-id-2 tbody-has-connected-cells\">\n<thead>\n<tr class=\"row-1\">\n\t<th class=\"column-1\">Wynajem busa bez kierowcy<br \/>\n<\/th><th class=\"column-2\">1-2 dni<\/th><th class=\"column-3\">3-6 dni<\/th><th class=\"column-4\">7-10 dni<\/th><th class=\"column-5\">Powy\u017cej 10 dni<\/th><th class=\"column-6\">Kaucja<\/th>\n<\/tr>\n<\/thead>\n<tbody class=\"row-striping row-hover\">\n<tr class=\"row-2\">\n\t<td class=\"column-1\">Ford Transit <br \/>\n| limit 400km dziennie<\/td><td class=\"column-2\">350 z\u0142<\/td><td class=\"column-3\">330 z\u0142<\/td><td class=\"column-4\">300 z\u0142<\/td><td class=\"column-5\">Wycena indywidualna<\/td><td class=\"column-6\">1000 z\u0142<\/td>\n<\/tr>\n<tr class=\"row-3\">\n\t<td class=\"column-1\">Ford Transit <br \/>\n| bez limitu kilometr\u00f3w<\/td><td class=\"column-2\">380 z\u0142<\/td><td class=\"column-3\">360 z\u0142<\/td><td class=\"column-4\">330 z\u0142<\/td><td class=\"column-5\">Wycena indywidualna<\/td><td class=\"column-6\">1000 z\u0142<\/td>\n<\/tr>\n<tr class=\"row-4\">\n\t<td class=\"column-1\">Mycie i sprz\u0105tanie busa<\/td><td colspan=\"5\" class=\"column-2\">200 z\u0142<\/td>\n<\/tr>\n<tr class=\"row-5\">\n\t<td class=\"column-1\">Mo\u017cliwo\u015b\u0107 zwrotu z pustym zbiornikiem<\/td><td colspan=\"5\" class=\"column-2\">700 z\u0142<\/td>\n<\/tr>\n<tr class=\"row-6\">\n\t<td class=\"column-1\">Podstawienie busa na terenie Lublina<\/td><td colspan=\"5\" class=\"column-2\">100 z\u0142<\/td>\n<\/tr>\n<tr class=\"row-7\">\n\t<td class=\"column-1\">Podstawienie busa na terenie woj. Lubelskiego<\/td><td colspan=\"5\" class=\"column-2\">250 z\u0142<\/td>\n<\/tr>\n<\/tbody>\n<\/table>\n<!-- #tablepress-2 from cache --><\/div>\n\t\t\t\t\t\t<\/div>\n\t\t\t\t<\/div>\n\t\t\t\t<div class=\"elementor-element elementor-element-cb13066 elementor-widget elementor-widget-text-editor\" data-id=\"cb13066\" data-element_type=\"widget\" data-e-type=\"widget\" data-widget_type=\"text-editor.default\">\n\t\t\t\t<div class=\"elementor-widget-container\">\n\t\t\t\t\t\t\t\t\t<p>Podane ceny s\u0105 cenami brutto&nbsp;<\/p>\n<p>Przekroczenie limitu km &#8211; dop\u0142ata 50gr\/km<\/p>\n<p>Mo\u017cliwy jest wynajem busa z kierowc\u0105 &#8211; cennik ustalany indywidualnie<\/p>\n<h3>Kontakt: <a href=\"tel:+48605602700\">605 602 700<\/a> | <a href=\"tel:+48504504900\">504 504 900<\/a><\/h3>\t\t\t\t\t\t\t\t<\/div>\n\t\t\t\t<\/div>\n\t\t\t\t\t<\/div>\n\t\t\t\t<\/div>\n\t\t<div class=\"elementor-element elementor-element-66ab043 e-flex e-con-boxed e-con e-parent\" data-id=\"66ab043\" data-element_type=\"container\" data-e-type=\"container\">\n\t\t\t\t\t<div class=\"e-con-inner\">\n\t\t\t\t<div class=\"elementor-element elementor-element-266b475 gallery-spacing-custom elementor-widget elementor-widget-image-gallery\" data-id=\"266b475\" data-element_type=\"widget\" data-e-type=\"widget\" data-widget_type=\"image-gallery.default\">\n\t\t\t\t<div class=\"elementor-widget-container\">\n\t\t\t\t\t\t\t<div class=\"elementor-image-gallery\">\n\t\t\t<div id='gallery-1' class='gallery galleryid-3261 gallery-columns-4 gallery-size-indobi-featured-small'><figure class='gallery-item'>\n\t\t\t<div class='gallery-icon landscape'>\n\t\t\t\t<a data-elementor-open-lightbox=\"yes\" data-elementor-lightbox-slideshow=\"266b475\" data-elementor-lightbox-title=\"Bus 2-1\" data-e-action-hash=\"#elementor-action%3Aaction%3Dlightbox%26settings%3DeyJpZCI6MzI3MSwidXJsIjoiaHR0cHM6XC9cL2x1Ymx1eC5jb21cL3dwLWNvbnRlbnRcL3VwbG9hZHNcLzIwMjRcLzAyXC9idXMtMi0xLmpwZyIsInNsaWRlc2hvdyI6IjI2NmI0NzUifQ%3D%3D\" href='https:\/\/lublux.com\/wp-content\/uploads\/2024\/02\/bus-2-1.jpg'><img fetchpriority=\"high\" decoding=\"async\" width=\"370\" height=\"238\" src=\"https:\/\/lublux.com\/wp-content\/uploads\/2024\/02\/bus-2-1-370x238.jpg\" class=\"attachment-indobi-featured-small size-indobi-featured-small\" alt=\"Bus 2-1\" \/><\/a>\n\t\t\t<\/div><\/figure><figure class='gallery-item'>\n\t\t\t<div class='gallery-icon landscape'>\n\t\t\t\t<a data-elementor-open-lightbox=\"yes\" data-elementor-lightbox-slideshow=\"266b475\" data-elementor-lightbox-title=\"Bus 2-2\" data-e-action-hash=\"#elementor-action%3Aaction%3Dlightbox%26settings%3DeyJpZCI6MzI3MCwidXJsIjoiaHR0cHM6XC9cL2x1Ymx1eC5jb21cL3dwLWNvbnRlbnRcL3VwbG9hZHNcLzIwMjRcLzAyXC9idXMtMi0yLmpwZyIsInNsaWRlc2hvdyI6IjI2NmI0NzUifQ%3D%3D\" href='https:\/\/lublux.com\/wp-content\/uploads\/2024\/02\/bus-2-2.jpg'><img decoding=\"async\" width=\"370\" height=\"238\" src=\"https:\/\/lublux.com\/wp-content\/uploads\/2024\/02\/bus-2-2-370x238.jpg\" class=\"attachment-indobi-featured-small size-indobi-featured-small\" alt=\"Bus 2-2\" \/><\/a>\n\t\t\t<\/div><\/figure><figure class='gallery-item'>\n\t\t\t<div class='gallery-icon landscape'>\n\t\t\t\t<a data-elementor-open-lightbox=\"yes\" data-elementor-lightbox-slideshow=\"266b475\" data-elementor-lightbox-title=\"Bus 2-3\" data-e-action-hash=\"#elementor-action%3Aaction%3Dlightbox%26settings%3DeyJpZCI6MzI2OSwidXJsIjoiaHR0cHM6XC9cL2x1Ymx1eC5jb21cL3dwLWNvbnRlbnRcL3VwbG9hZHNcLzIwMjRcLzAyXC9idXMtMi0zLmpwZyIsInNsaWRlc2hvdyI6IjI2NmI0NzUifQ%3D%3D\" href='https:\/\/lublux.com\/wp-content\/uploads\/2024\/02\/bus-2-3.jpg'><img decoding=\"async\" width=\"370\" height=\"238\" src=\"https:\/\/lublux.com\/wp-content\/uploads\/2024\/02\/bus-2-3-370x238.jpg\" class=\"attachment-indobi-featured-small size-indobi-featured-small\" alt=\"Bus 2-3\" \/><\/a>\n\t\t\t<\/div><\/figure><figure class='gallery-item'>\n\t\t\t<div class='gallery-icon landscape'>\n\t\t\t\t<a data-elementor-open-lightbox=\"yes\" data-elementor-lightbox-slideshow=\"266b475\" data-elementor-lightbox-title=\"Bus 2-4\" data-e-action-hash=\"#elementor-action%3Aaction%3Dlightbox%26settings%3DeyJpZCI6MzI2OCwidXJsIjoiaHR0cHM6XC9cL2x1Ymx1eC5jb21cL3dwLWNvbnRlbnRcL3VwbG9hZHNcLzIwMjRcLzAyXC9idXMtMi00LmpwZyIsInNsaWRlc2hvdyI6IjI2NmI0NzUifQ%3D%3D\" href='https:\/\/lublux.com\/wp-content\/uploads\/2024\/02\/bus-2-4.jpg'><img loading=\"lazy\" decoding=\"async\" width=\"370\" height=\"238\" src=\"https:\/\/lublux.com\/wp-content\/uploads\/2024\/02\/bus-2-4-370x238.jpg\" class=\"attachment-indobi-featured-small size-indobi-featured-small\" alt=\"Bus 2-4\" \/><\/a>\n\t\t\t<\/div><\/figure><figure class='gallery-item'>\n\t\t\t<div class='gallery-icon portrait'>\n\t\t\t\t<a data-elementor-open-lightbox=\"yes\" data-elementor-lightbox-slideshow=\"266b475\" data-elementor-lightbox-title=\"Bus 2-5\" data-e-action-hash=\"#elementor-action%3Aaction%3Dlightbox%26settings%3DeyJpZCI6MzI2NywidXJsIjoiaHR0cHM6XC9cL2x1Ymx1eC5jb21cL3dwLWNvbnRlbnRcL3VwbG9hZHNcLzIwMjRcLzAyXC9idXMtMi01LmpwZyIsInNsaWRlc2hvdyI6IjI2NmI0NzUifQ%3D%3D\" href='https:\/\/lublux.com\/wp-content\/uploads\/2024\/02\/bus-2-5.jpg'><img loading=\"lazy\" decoding=\"async\" width=\"370\" height=\"238\" src=\"https:\/\/lublux.com\/wp-content\/uploads\/2024\/02\/bus-2-5-370x238.jpg\" class=\"attachment-indobi-featured-small size-indobi-featured-small\" alt=\"Bus 2-5\" \/><\/a>\n\t\t\t<\/div><\/figure><figure class='gallery-item'>\n\t\t\t<div class='gallery-icon landscape'>\n\t\t\t\t<a data-elementor-open-lightbox=\"yes\" data-elementor-lightbox-slideshow=\"266b475\" data-elementor-lightbox-title=\"Bus 2-8\" data-e-action-hash=\"#elementor-action%3Aaction%3Dlightbox%26settings%3DeyJpZCI6MzI2NCwidXJsIjoiaHR0cHM6XC9cL2x1Ymx1eC5jb21cL3dwLWNvbnRlbnRcL3VwbG9hZHNcLzIwMjRcLzAyXC9idXMtMi04LmpwZyIsInNsaWRlc2hvdyI6IjI2NmI0NzUifQ%3D%3D\" href='https:\/\/lublux.com\/wp-content\/uploads\/2024\/02\/bus-2-8.jpg'><img loading=\"lazy\" decoding=\"async\" width=\"370\" height=\"238\" src=\"https:\/\/lublux.com\/wp-content\/uploads\/2024\/02\/bus-2-8-370x238.jpg\" class=\"attachment-indobi-featured-small size-indobi-featured-small\" alt=\"Bus 2-8\" \/><\/a>\n\t\t\t<\/div><\/figure><figure class='gallery-item'>\n\t\t\t<div class='gallery-icon landscape'>\n\t\t\t\t<a data-elementor-open-lightbox=\"yes\" data-elementor-lightbox-slideshow=\"266b475\" data-elementor-lightbox-title=\"Bus 2-9\" data-e-action-hash=\"#elementor-action%3Aaction%3Dlightbox%26settings%3DeyJpZCI6MzI2MywidXJsIjoiaHR0cHM6XC9cL2x1Ymx1eC5jb21cL3dwLWNvbnRlbnRcL3VwbG9hZHNcLzIwMjRcLzAyXC9idXMtMi05LmpwZyIsInNsaWRlc2hvdyI6IjI2NmI0NzUifQ%3D%3D\" href='https:\/\/lublux.com\/wp-content\/uploads\/2024\/02\/bus-2-9.jpg'><img loading=\"lazy\" decoding=\"async\" width=\"370\" height=\"238\" src=\"https:\/\/lublux.com\/wp-content\/uploads\/2024\/02\/bus-2-9-370x238.jpg\" class=\"attachment-indobi-featured-small size-indobi-featured-small\" alt=\"Bus 2-9\" \/><\/a>\n\t\t\t<\/div><\/figure><figure class='gallery-item'>\n\t\t\t<div class='gallery-icon landscape'>\n\t\t\t\t<a data-elementor-open-lightbox=\"yes\" data-elementor-lightbox-slideshow=\"266b475\" data-elementor-lightbox-title=\"Bus 2-7\" data-e-action-hash=\"#elementor-action%3Aaction%3Dlightbox%26settings%3DeyJpZCI6MzI2NSwidXJsIjoiaHR0cHM6XC9cL2x1Ymx1eC5jb21cL3dwLWNvbnRlbnRcL3VwbG9hZHNcLzIwMjRcLzAyXC9idXMtMi03LmpwZyIsInNsaWRlc2hvdyI6IjI2NmI0NzUifQ%3D%3D\" href='https:\/\/lublux.com\/wp-content\/uploads\/2024\/02\/bus-2-7.jpg'><img loading=\"lazy\" decoding=\"async\" width=\"370\" height=\"238\" src=\"https:\/\/lublux.com\/wp-content\/uploads\/2024\/02\/bus-2-7-370x238.jpg\" class=\"attachment-indobi-featured-small size-indobi-featured-small\" alt=\"Bus 2-7\" \/><\/a>\n\t\t\t<\/div><\/figure><figure class='gallery-item'>\n\t\t\t<div class='gallery-icon landscape'>\n\t\t\t\t<a data-elementor-open-lightbox=\"yes\" data-elementor-lightbox-slideshow=\"266b475\" data-elementor-lightbox-title=\"Bus 2-6\" data-e-action-hash=\"#elementor-action%3Aaction%3Dlightbox%26settings%3DeyJpZCI6MzI2NiwidXJsIjoiaHR0cHM6XC9cL2x1Ymx1eC5jb21cL3dwLWNvbnRlbnRcL3VwbG9hZHNcLzIwMjRcLzAyXC9idXMtMi02LmpwZyIsInNsaWRlc2hvdyI6IjI2NmI0NzUifQ%3D%3D\" href='https:\/\/lublux.com\/wp-content\/uploads\/2024\/02\/bus-2-6.jpg'><img loading=\"lazy\" decoding=\"async\" width=\"370\" height=\"238\" src=\"https:\/\/lublux.com\/wp-content\/uploads\/2024\/02\/bus-2-6-370x238.jpg\" class=\"attachment-indobi-featured-small size-indobi-featured-small\" alt=\"Bus 2-6\" \/><\/a>\n\t\t\t<\/div><\/figure>\n\t\t<\/div>\n\t\t<\/div>\n\t\t\t\t\t\t<\/div>\n\t\t\t\t<\/div>\n\t\t\t\t\t<\/div>\n\t\t\t\t<\/div>\n\t\t<div class=\"elementor-element elementor-element-6ac1c63 e-flex e-con-boxed e-con e-parent\" data-id=\"6ac1c63\" data-element_type=\"container\" data-e-type=\"container\">\n\t\t\t\t\t<div class=\"e-con-inner\">\n\t\t\t\t\t<\/div>\n\t\t\t\t<\/div>\n\t\t\t\t<\/div>\n\t\t","protected":false},"excerpt":{"rendered":"<p>Podane ceny s\u0105 cenami brutto&nbsp; Przekroczenie limitu km &#8211; dop\u0142ata 50gr\/km Mo\u017cliwy jest wynajem busa z kierowc\u0105 &#8211; cennik ustalany indywidualnie Kontakt: 605 602 700 | 504 504 900<\/p>\n","protected":false},"author":1,"featured_media":0,"parent":0,"menu_order":0,"comment_status":"closed","ping_status":"open","template":"","meta":{"footnotes":""},"class_list":["post-3261","page","type-page","status-publish","hentry"],"_links":{"self":[{"href":"https:\/\/lublux.com\/index.php\/wp-json\/wp\/v2\/pages\/3261","targetHints":{"allow":["GET"]}}],"collection":[{"href":"https:\/\/lublux.com\/index.php\/wp-json\/wp\/v2\/pages"}],"about":[{"href":"https:\/\/lublux.com\/index.php\/wp-json\/wp\/v2\/types\/page"}],"author":[{"embeddable":true,"href":"https:\/\/lublux.com\/index.php\/wp-json\/wp\/v2\/users\/1"}],"replies":[{"embeddable":true,"href":"https:\/\/lublux.com\/index.php\/wp-json\/wp\/v2\/comments?post=3261"}],"version-history":[{"count":34,"href":"https:\/\/lublux.com\/index.php\/wp-json\/wp\/v2\/pages\/3261\/revisions"}],"predecessor-version":[{"id":13296,"href":"https:\/\/lublux.com\/index.php\/wp-json\/wp\/v2\/pages\/3261\/revisions\/13296"}],"wp:attachment":[{"href":"https:\/\/lublux.com\/index.php\/wp-json\/wp\/v2\/media?parent=3261"}],"curies":[{"name":"wp","href":"https:\/\/api.w.org\/{rel}","templated":true}]}}