{"id":3138,"date":"2024-02-13T09:23:21","date_gmt":"2024-02-13T09:23:21","guid":{"rendered":"https:\/\/tkdev.pl\/?page_id=3138"},"modified":"2024-02-13T11:08:34","modified_gmt":"2024-02-13T11:08:34","slug":"flota","status":"publish","type":"page","link":"https:\/\/lublux.com\/index.php\/flota\/","title":{"rendered":"Flota"},"content":{"rendered":"\t\t<div data-elementor-type=\"wp-page\" data-elementor-id=\"3138\" class=\"elementor elementor-3138\">\n\t\t\t\t<div class=\"elementor-element elementor-element-a4785af e-flex e-con-boxed e-con e-parent\" data-id=\"a4785af\" data-element_type=\"container\" data-e-type=\"container\">\n\t\t\t\t\t<div class=\"e-con-inner\">\n\t\t\t\t<div class=\"elementor-element elementor-element-00c28b4 elementor-widget elementor-widget-Elementor-About-widget\" data-id=\"00c28b4\" data-element_type=\"widget\" data-e-type=\"widget\" data-widget_type=\"Elementor-About-widget.default\">\n\t\t\t\t<div class=\"elementor-widget-container\">\n\t\t\t\t\t<!-- about-area -->\n<section class=\"about-area about-p pb-120 p-relative fix\">\n    <div class=\"container\">\n        <div class=\"row justify-content-center align-items-center\">\n             <div class=\"col-lg-6 col-md-12 col-sm-12\">\n                <div class=\"s-about-img p-relative  wow fadeInLeft animated\" data-animation=\"fadeInLeft\" data-delay=\".4s\">\n                     <img decoding=\"async\" src=\"http:\/\/lublux.com\/wp-content\/uploads\/2024\/02\/truck-2707700_1280.jpg\" alt=\"http:\/\/lublux.com\/wp-content\/uploads\/2024\/02\/truck-2707700_1280.jpg\">  \n                <\/div>\n\n            <\/div>\n\n        <div class=\"col-lg-6 col-md-12 col-sm-12\">\n                <div class=\"about-content s-about-content  wow fadeInRight  animated\" data-animation=\"fadeInRight\" data-delay=\".4s\">\n                    <div class=\"about-title second-title pb-25\">  \n                         <h2>Ci\u0105gniki siod\u0142owe<\/h2>                                    \n                    <\/div>\n                      <ul class=\"product-qulity\">\n                           Pojemno\u015b\u0107: 33 palety<br>\nDMC: 40 ton<br>\n\u0141adowno\u015b\u0107: 25 ton<br>\nNaczepa: 13,6 standard<br>\nSta\u0142y monitoring GPS                      <\/ul>\n                <\/div>\n            <\/div>\n\n        <\/div>\n    <\/div>\n<\/section>\n<!-- about-area-end -->\t\t\t\t<\/div>\n\t\t\t\t<\/div>\n\t\t\t\t\t<\/div>\n\t\t\t\t<\/div>\n\t\t<div class=\"elementor-element elementor-element-c3ccf35 e-flex e-con-boxed e-con e-parent\" data-id=\"c3ccf35\" data-element_type=\"container\" data-e-type=\"container\">\n\t\t\t\t\t<div class=\"e-con-inner\">\n\t\t\t\t<div class=\"elementor-element elementor-element-1638c79 elementor-widget elementor-widget-heading\" data-id=\"1638c79\" data-element_type=\"widget\" data-e-type=\"widget\" data-widget_type=\"heading.default\">\n\t\t\t\t<div class=\"elementor-widget-container\">\n\t\t\t\t\t<h2 class=\"elementor-heading-title elementor-size-default\">Sol\u00f3wki<\/h2>\t\t\t\t<\/div>\n\t\t\t\t<\/div>\n\t\t\t\t\t<\/div>\n\t\t\t\t<\/div>\n\t\t<div class=\"elementor-element elementor-element-6551d81 e-flex e-con-boxed e-con e-parent\" data-id=\"6551d81\" data-element_type=\"container\" data-e-type=\"container\">\n\t\t\t\t\t<div class=\"e-con-inner\">\n\t\t\t\t<div class=\"elementor-element elementor-element-f6e3a8f elementor-widget elementor-widget-text-editor\" data-id=\"f6e3a8f\" data-element_type=\"widget\" data-e-type=\"widget\" data-widget_type=\"text-editor.default\">\n\t\t\t\t<div class=\"elementor-widget-container\">\n\t\t\t\t\t\t\t\t\t<h6>Parametry:<\/h6><p>Pojemno\u015b\u0107: 18 palet<br \/>DMC: 12 ton<br \/>\u0141adowno\u015b\u0107: 5600 kg<br \/>Sta\u0142y monitoring GPS<\/p><h6>Wymiary przestrzeni:<\/h6><p>D\u0142ugo\u015b\u0107: 7,70 m<br \/>Szeroko\u015b\u0107: 2,50 m<br \/>Wysoko\u015b\u0107: 3,00 m<\/p>\t\t\t\t\t\t\t\t<\/div>\n\t\t\t\t<\/div>\n\t\t\t\t\t<\/div>\n\t\t\t\t<\/div>\n\t\t<div class=\"elementor-element elementor-element-6564e93 e-flex e-con-boxed e-con e-parent\" data-id=\"6564e93\" data-element_type=\"container\" data-e-type=\"container\">\n\t\t\t\t\t<div class=\"e-con-inner\">\n\t\t\t\t<div class=\"elementor-element elementor-element-0f92dea elementor-widget elementor-widget-heading\" data-id=\"0f92dea\" data-element_type=\"widget\" data-e-type=\"widget\" data-widget_type=\"heading.default\">\n\t\t\t\t<div class=\"elementor-widget-container\">\n\t\t\t\t\t<h2 class=\"elementor-heading-title elementor-size-default\">Busy do 3,5 tony<\/h2>\t\t\t\t<\/div>\n\t\t\t\t<\/div>\n\t\t\t\t\t<\/div>\n\t\t\t\t<\/div>\n\t\t<div class=\"elementor-element elementor-element-04e40a9 e-flex e-con-boxed e-con e-parent\" data-id=\"04e40a9\" data-element_type=\"container\" data-e-type=\"container\">\n\t\t\t\t\t<div class=\"e-con-inner\">\n\t\t\t\t<div class=\"elementor-element elementor-element-b170aa4 elementor-widget elementor-widget-text-editor\" data-id=\"b170aa4\" data-element_type=\"widget\" data-e-type=\"widget\" data-widget_type=\"text-editor.default\">\n\t\t\t\t<div class=\"elementor-widget-container\">\n\t\t\t\t\t\t\t\t\t<h6>Parametry:<\/h6><p>Pojemno\u015b\u0107: 8 i 10 palet<br \/>DMC: 3,5T<br \/>\u0141adowno\u015b\u0107: 1300 kg<\/p><h6>Wymiary przestrzeni:<\/h6><p>D\u0142ugo\u015b\u0107: 4,90 m<br \/>Szeroko\u015b\u0107: 2,20 m<br \/>Wysoko\u015b\u0107: 2,50m<\/p>\t\t\t\t\t\t\t\t<\/div>\n\t\t\t\t<\/div>\n\t\t\t\t\t<\/div>\n\t\t\t\t<\/div>\n\t\t\t\t<\/div>\n\t\t","protected":false},"excerpt":{"rendered":"<p>Sol\u00f3wki Parametry: Pojemno\u015b\u0107: 18 paletDMC: 12 ton\u0141adowno\u015b\u0107: 5600 kgSta\u0142y monitoring GPS Wymiary przestrzeni: D\u0142ugo\u015b\u0107: 7,70 mSzeroko\u015b\u0107: 2,50 mWysoko\u015b\u0107: 3,00 m Busy do 3,5 tony Parametry: Pojemno\u015b\u0107: 8 i 10 paletDMC: 3,5T\u0141adowno\u015b\u0107: 1300 kg Wymiary przestrzeni: D\u0142ugo\u015b\u0107: 4,90 mSzeroko\u015b\u0107: 2,20 mWysoko\u015b\u0107: 2,50m<\/p>\n","protected":false},"author":1,"featured_media":0,"parent":0,"menu_order":0,"comment_status":"closed","ping_status":"closed","template":"","meta":{"footnotes":""},"class_list":["post-3138","page","type-page","status-publish","hentry"],"_links":{"self":[{"href":"https:\/\/lublux.com\/index.php\/wp-json\/wp\/v2\/pages\/3138","targetHints":{"allow":["GET"]}}],"collection":[{"href":"https:\/\/lublux.com\/index.php\/wp-json\/wp\/v2\/pages"}],"about":[{"href":"https:\/\/lublux.com\/index.php\/wp-json\/wp\/v2\/types\/page"}],"author":[{"embeddable":true,"href":"https:\/\/lublux.com\/index.php\/wp-json\/wp\/v2\/users\/1"}],"replies":[{"embeddable":true,"href":"https:\/\/lublux.com\/index.php\/wp-json\/wp\/v2\/comments?post=3138"}],"version-history":[{"count":16,"href":"https:\/\/lublux.com\/index.php\/wp-json\/wp\/v2\/pages\/3138\/revisions"}],"predecessor-version":[{"id":3168,"href":"https:\/\/lublux.com\/index.php\/wp-json\/wp\/v2\/pages\/3138\/revisions\/3168"}],"wp:attachment":[{"href":"https:\/\/lublux.com\/index.php\/wp-json\/wp\/v2\/media?parent=3138"}],"curies":[{"name":"wp","href":"https:\/\/api.w.org\/{rel}","templated":true}]}}