{"id":3133,"date":"2024-02-13T09:22:42","date_gmt":"2024-02-13T09:22:42","guid":{"rendered":"https:\/\/tkdev.pl\/?page_id=3133"},"modified":"2025-03-15T09:21:20","modified_gmt":"2025-03-15T09:21:20","slug":"wynajem","status":"publish","type":"page","link":"https:\/\/lublux.com\/index.php\/wynajem\/","title":{"rendered":"Wynajem"},"content":{"rendered":"\t\t<div data-elementor-type=\"wp-page\" data-elementor-id=\"3133\" class=\"elementor elementor-3133\">\n\t\t\t\t<div class=\"elementor-element elementor-element-f43cc1d e-flex e-con-boxed e-con e-parent\" data-id=\"f43cc1d\" data-element_type=\"container\" data-e-type=\"container\">\n\t\t\t\t\t<div class=\"e-con-inner\">\n\t\t\t\t<div class=\"elementor-element elementor-element-8cb01d0 elementor-widget elementor-widget-text-editor\" data-id=\"8cb01d0\" data-element_type=\"widget\" data-e-type=\"widget\" data-widget_type=\"text-editor.default\">\n\t\t\t\t<div class=\"elementor-widget-container\">\n\t\t\t\t\t\t\t\t\t<h4>Oferujemy wynajem kr\u00f3tko i d\u0142ugoterminowy bus\u00f3w na wyjazd s\u0142u\u017cbowy, urlop, wakacje, wiecz\u00f3r panie\u0144ski lub kawalerski czy imprez\u0119 integracyjn\u0105 poza miastem.<\/h4>\n<p><strong>Planujesz rodzinn\u0105 wycieczk\u0119, wakacje z wi\u0119ksz\u0105 grup\u0105 znajomych, wypad na narty a mo\u017ce wyjazd s\u0142u\u017cbowy dla kilku pracownik\u00f3w?<\/strong><\/p>\n<p>Wynajem busa to idealne rozwi\u0105zanie, kt\u00f3re pozwoli Ci zmniejszy\u0107 koszty przejazdu (paliwo, op\u0142aty drogowe czy parking), w por\u00f3wnaniu do przejazdu 2 lub 3 samochodami osobowymi.<\/p>\n<p>Dodatkowo podr\u00f3\u017c busem zapewnia wi\u0119kszy komfort zar\u00f3wno dla kierowcy jak i pasa\u017cer\u00f3w oraz umo\u017cliwia zabranie wi\u0119kszej ilo\u015bci baga\u017cy. Oferowane przez nas auta mo\u017ce prowadzi\u0107 ka\u017cda osoba, kt\u00f3ra posiada prawo jazdy kategorii B.<\/p>\n<p><strong>Zapraszamy do wsp\u00f3\u0142pracy klient\u00f3w biznesowym, kt\u00f3rzy potrzebuj\u0105 nowoczesnych bus\u00f3w do delegacji lub w charakterze aut zast\u0119pczych oraz osoby prywatne i rodziny, kt\u00f3re potrzebuj\u0105 komfortowego \u015brodku transportu do nawet 8 miejsc!<\/strong><\/p>\n<p>Zapewniamy mo\u017cliwo\u015b\u0107 wynajmu busa z kierowc\u0105, jak i wypo\u017cyczenie samego pojazdu. Serdecznie zapraszamy do korzystania z naszej oferty! Masz zwierz\u0119ta, kt\u00f3re towarzysz\u0105 Ci w podr\u00f3\u017cy? Planujesz zabra\u0107 ze sob\u0105 rowery? A mo\u017ce obawiasz si\u0119, \u017ce Tw\u00f3j baga\u017c nie zmie\u015bci si\u0119 w baga\u017cniku? Nie ma problemu! Nasze busy maj\u0105 transportery, baga\u017cniki na rowery i boxy dachowe, aby zapewni\u0107 odpowiednie miejsce dla Ciebie, Twoich zwierz\u0105t i baga\u017cu.<\/p>\n<p><strong>Dost\u0119pne s\u0105 r\u00f3wnie\u017c foteliki dla dzieci \u2013 dbamy bowiem o bezpiecze\u0144stwo ka\u017cdego cz\u0142onka Twojej rodziny.<\/strong><\/p>\t\t\t\t\t\t\t\t<\/div>\n\t\t\t\t<\/div>\n\t\t\t\t\t<\/div>\n\t\t\t\t<\/div>\n\t\t<div class=\"elementor-element elementor-element-4bf9614 e-flex e-con-boxed e-con e-parent\" data-id=\"4bf9614\" data-element_type=\"container\" data-e-type=\"container\">\n\t\t\t\t\t<div class=\"e-con-inner\">\n\t\t\t\t<div class=\"elementor-element elementor-element-ad06588 elementor-widget elementor-widget-image\" data-id=\"ad06588\" data-element_type=\"widget\" data-e-type=\"widget\" data-widget_type=\"image.default\">\n\t\t\t\t<div class=\"elementor-widget-container\">\n\t\t\t\t\t\t\t\t\t\t\t\t<figure class=\"wp-caption\">\n\t\t\t\t\t\t\t\t\t\t\t<a href=\"https:\/\/lublux.com\/index.php\/ford-toureno-custom\/\">\n\t\t\t\t\t\t\t<img fetchpriority=\"high\" decoding=\"async\" width=\"300\" height=\"225\" src=\"https:\/\/lublux.com\/wp-content\/uploads\/2024\/02\/bus1-300x225.jpg\" class=\"attachment-medium size-medium wp-image-3192\" alt=\"Bus 1\" srcset=\"https:\/\/lublux.com\/wp-content\/uploads\/2024\/02\/bus1-300x225.jpg 300w, https:\/\/lublux.com\/wp-content\/uploads\/2024\/02\/bus1-768x576.jpg 768w, https:\/\/lublux.com\/wp-content\/uploads\/2024\/02\/bus1.jpg 1000w\" sizes=\"(max-width: 300px) 100vw, 300px\" \/>\t\t\t\t\t\t\t\t<\/a>\n\t\t\t\t\t\t\t\t\t\t\t<figcaption class=\"widget-image-caption wp-caption-text\"><b>Ford Toureno Custom<\/b><\/figcaption>\n\t\t\t\t\t\t\t\t\t\t<\/figure>\n\t\t\t\t\t\t\t\t\t<\/div>\n\t\t\t\t<\/div>\n\t\t\t\t<div class=\"elementor-element elementor-element-ccff690 elementor-widget__width-auto elementor-widget elementor-widget-image\" data-id=\"ccff690\" data-element_type=\"widget\" data-e-type=\"widget\" data-widget_type=\"image.default\">\n\t\t\t\t<div class=\"elementor-widget-container\">\n\t\t\t\t\t\t\t\t\t\t\t\t<figure class=\"wp-caption\">\n\t\t\t\t\t\t\t\t\t\t\t<a href=\"https:\/\/lublux.com\/index.php\/ford-transit\/\">\n\t\t\t\t\t\t\t<img decoding=\"async\" width=\"300\" height=\"225\" src=\"https:\/\/lublux.com\/wp-content\/uploads\/2024\/02\/bus-2-1-300x225.jpg\" class=\"attachment-medium size-medium wp-image-3271\" alt=\"Bus 2-1\" srcset=\"https:\/\/lublux.com\/wp-content\/uploads\/2024\/02\/bus-2-1-300x225.jpg 300w, https:\/\/lublux.com\/wp-content\/uploads\/2024\/02\/bus-2-1-768x576.jpg 768w, https:\/\/lublux.com\/wp-content\/uploads\/2024\/02\/bus-2-1.jpg 1000w\" sizes=\"(max-width: 300px) 100vw, 300px\" \/>\t\t\t\t\t\t\t\t<\/a>\n\t\t\t\t\t\t\t\t\t\t\t<figcaption class=\"widget-image-caption wp-caption-text\"><b>Ford Transit<\/b><\/figcaption>\n\t\t\t\t\t\t\t\t\t\t<\/figure>\n\t\t\t\t\t\t\t\t\t<\/div>\n\t\t\t\t<\/div>\n\t\t\t\t<div class=\"elementor-element elementor-element-b916ed6 elementor-widget__width-auto elementor-widget elementor-widget-image\" data-id=\"b916ed6\" data-element_type=\"widget\" data-e-type=\"widget\" data-widget_type=\"image.default\">\n\t\t\t\t<div class=\"elementor-widget-container\">\n\t\t\t\t\t\t\t\t\t\t\t\t<figure class=\"wp-caption\">\n\t\t\t\t\t\t\t\t\t\t\t<a href=\"https:\/\/lublux.com\/index.php\/mercedes-vito-tourer\/\">\n\t\t\t\t\t\t\t<img decoding=\"async\" width=\"300\" height=\"225\" src=\"https:\/\/lublux.com\/wp-content\/uploads\/2025\/03\/Vito-thumbnail.jpg\" class=\"attachment-medium size-medium wp-image-13388\" alt=\"\" \/>\t\t\t\t\t\t\t\t<\/a>\n\t\t\t\t\t\t\t\t\t\t\t<figcaption class=\"widget-image-caption wp-caption-text\"><b>Mercedes Vito Tourer<\/b><\/figcaption>\n\t\t\t\t\t\t\t\t\t\t<\/figure>\n\t\t\t\t\t\t\t\t\t<\/div>\n\t\t\t\t<\/div>\n\t\t\t\t\t<\/div>\n\t\t\t\t<\/div>\n\t\t<div class=\"elementor-element elementor-element-1e1cd43 e-flex e-con-boxed e-con e-parent\" data-id=\"1e1cd43\" data-element_type=\"container\" data-e-type=\"container\">\n\t\t\t\t\t<div class=\"e-con-inner\">\n\t\t\t\t\t<\/div>\n\t\t\t\t<\/div>\n\t\t<div class=\"elementor-element elementor-element-c963262 e-flex e-con-boxed e-con e-parent\" data-id=\"c963262\" data-element_type=\"container\" data-e-type=\"container\">\n\t\t\t\t\t<div class=\"e-con-inner\">\n\t\t\t\t\t<\/div>\n\t\t\t\t<\/div>\n\t\t\t\t<\/div>\n\t\t","protected":false},"excerpt":{"rendered":"<p>Oferujemy wynajem kr\u00f3tko i d\u0142ugoterminowy bus\u00f3w na wyjazd s\u0142u\u017cbowy, urlop, wakacje, wiecz\u00f3r panie\u0144ski lub kawalerski czy imprez\u0119 integracyjn\u0105 poza miastem. Planujesz rodzinn\u0105 wycieczk\u0119, wakacje z wi\u0119ksz\u0105 grup\u0105 znajomych, wypad na narty a mo\u017ce wyjazd s\u0142u\u017cbowy dla kilku pracownik\u00f3w? Wynajem busa to idealne rozwi\u0105zanie, kt\u00f3re pozwoli Ci zmniejszy\u0107 koszty przejazdu (paliwo, op\u0142aty drogowe czy parking), w [&hellip;]<\/p>\n","protected":false},"author":1,"featured_media":0,"parent":0,"menu_order":0,"comment_status":"closed","ping_status":"closed","template":"","meta":{"footnotes":""},"class_list":["post-3133","page","type-page","status-publish","hentry"],"_links":{"self":[{"href":"https:\/\/lublux.com\/index.php\/wp-json\/wp\/v2\/pages\/3133","targetHints":{"allow":["GET"]}}],"collection":[{"href":"https:\/\/lublux.com\/index.php\/wp-json\/wp\/v2\/pages"}],"about":[{"href":"https:\/\/lublux.com\/index.php\/wp-json\/wp\/v2\/types\/page"}],"author":[{"embeddable":true,"href":"https:\/\/lublux.com\/index.php\/wp-json\/wp\/v2\/users\/1"}],"replies":[{"embeddable":true,"href":"https:\/\/lublux.com\/index.php\/wp-json\/wp\/v2\/comments?post=3133"}],"version-history":[{"count":58,"href":"https:\/\/lublux.com\/index.php\/wp-json\/wp\/v2\/pages\/3133\/revisions"}],"predecessor-version":[{"id":13391,"href":"https:\/\/lublux.com\/index.php\/wp-json\/wp\/v2\/pages\/3133\/revisions\/13391"}],"wp:attachment":[{"href":"https:\/\/lublux.com\/index.php\/wp-json\/wp\/v2\/media?parent=3133"}],"curies":[{"name":"wp","href":"https:\/\/api.w.org\/{rel}","templated":true}]}}