{"id":3116,"date":"2024-02-13T09:19:08","date_gmt":"2024-02-13T09:19:08","guid":{"rendered":"https:\/\/tkdev.pl\/?page_id=3116"},"modified":"2024-02-13T10:52:04","modified_gmt":"2024-02-13T10:52:04","slug":"spedycja","status":"publish","type":"page","link":"https:\/\/lublux.com\/index.php\/spedycja\/","title":{"rendered":"Spedycja"},"content":{"rendered":"\t\t<div data-elementor-type=\"wp-page\" data-elementor-id=\"3116\" class=\"elementor elementor-3116\">\n\t\t\t\t<div class=\"elementor-element elementor-element-84659ad e-flex e-con-boxed e-con e-parent\" data-id=\"84659ad\" data-element_type=\"container\" data-e-type=\"container\">\n\t\t\t\t\t<div class=\"e-con-inner\">\n\t\t\t\t<div class=\"elementor-element elementor-element-5b95c76 elementor-widget elementor-widget-Elementor-About-widget\" data-id=\"5b95c76\" data-element_type=\"widget\" data-e-type=\"widget\" data-widget_type=\"Elementor-About-widget.default\">\n\t\t\t\t<div class=\"elementor-widget-container\">\n\t\t\t\t\t<!-- about-area -->\n<section class=\"about-area about-p pb-120 p-relative fix\">\n    <div class=\"container\">\n        <div class=\"row justify-content-center align-items-center\">\n             <div class=\"col-lg-6 col-md-12 col-sm-12\">\n                <div class=\"s-about-img p-relative  wow fadeInLeft animated\" data-animation=\"fadeInLeft\" data-delay=\".4s\">\n                     <img decoding=\"async\" src=\"http:\/\/lublux.com\/wp-content\/uploads\/2024\/02\/pexels-markus-spiske-967072-scaled.jpg\" alt=\"http:\/\/lublux.com\/wp-content\/uploads\/2024\/02\/pexels-markus-spiske-967072-scaled.jpg\">  \n                <\/div>\n\n            <\/div>\n\n        <div class=\"col-lg-6 col-md-12 col-sm-12\">\n                <div class=\"about-content s-about-content  wow fadeInRight  animated\" data-animation=\"fadeInRight\" data-delay=\".4s\">\n                    <div class=\"about-title second-title pb-25\">  \n                         <h2>Nasza oferta<\/h2>                                    \n                    <\/div>\n                      <ul class=\"product-qulity\">\n                           Dbamy o to aby nasze zlecenia by\u0142y obs\u0142u\u017cone\nna najwy\u017cszym poziomie, dlatego poni\u017cej\nprezentujemy nasze zalety:<br>\n<li>\u25cf Ka\u017cdy transport ma swojego opiekuna, kt\u00f3ry\njest dla Pa\u0144stwa dyspozycji 24h na dob\u0119<\/li>\n<li>\u25cf Obs\u0142ugujemy zlecenia ca\u0142o pojazdowe oraz\ndrobnicowe\n<\/li>\n<li>\u25cf Zlecenia realizujemy bez po\u015brednik\u00f3w<\/li>\n<li>\u25cf Wszystkie auta w naszej flocie spe\u0142niaj\u0105 normy \n<b>\u25cf \u2002EURO5<\/b>\u2002i  <b>\u25cf \u2002EURO6<\/b><\/li>\n<li>\u25cf Posiadamy licencj\u0119 transportow\u0105 i spedycyjn\u0105<\/li>\n<li>\u25cf Pozwolenia <b>\u2002ADR, BDO\u2002<\/b> oraz <b>\u2002pozwolenia\nweterynaryjne<\/b><\/li>\n<li>\u25cf\u2002<b>OCP\u2002<\/b> dla naszych transport\u00f3w wynosi <b>\u2002500 000 z\u0142<\/b><\/li>\n<li>\u25cf Wszystkie nasze pojazdy s\u0105 wyposa\u017cone w\nsystem GPS, kt\u00f3ry mo\u017cemy udost\u0119pni\u0107 dla\nmonitorowania transportu<\/li>\n                      <\/ul>\n                <\/div>\n            <\/div>\n\n        <\/div>\n    <\/div>\n<\/section>\n<!-- about-area-end -->\t\t\t\t<\/div>\n\t\t\t\t<\/div>\n\t\t\t\t\t<\/div>\n\t\t\t\t<\/div>\n\t\t\t\t<\/div>\n\t\t","protected":false},"excerpt":{"rendered":"","protected":false},"author":1,"featured_media":0,"parent":0,"menu_order":0,"comment_status":"closed","ping_status":"closed","template":"","meta":{"footnotes":""},"class_list":["post-3116","page","type-page","status-publish","hentry"],"_links":{"self":[{"href":"https:\/\/lublux.com\/index.php\/wp-json\/wp\/v2\/pages\/3116","targetHints":{"allow":["GET"]}}],"collection":[{"href":"https:\/\/lublux.com\/index.php\/wp-json\/wp\/v2\/pages"}],"about":[{"href":"https:\/\/lublux.com\/index.php\/wp-json\/wp\/v2\/types\/page"}],"author":[{"embeddable":true,"href":"https:\/\/lublux.com\/index.php\/wp-json\/wp\/v2\/users\/1"}],"replies":[{"embeddable":true,"href":"https:\/\/lublux.com\/index.php\/wp-json\/wp\/v2\/comments?post=3116"}],"version-history":[{"count":7,"href":"https:\/\/lublux.com\/index.php\/wp-json\/wp\/v2\/pages\/3116\/revisions"}],"predecessor-version":[{"id":3153,"href":"https:\/\/lublux.com\/index.php\/wp-json\/wp\/v2\/pages\/3116\/revisions\/3153"}],"wp:attachment":[{"href":"https:\/\/lublux.com\/index.php\/wp-json\/wp\/v2\/media?parent=3116"}],"curies":[{"name":"wp","href":"https:\/\/api.w.org\/{rel}","templated":true}]}}