{"id":2929,"date":"2022-05-08T10:53:56","date_gmt":"2022-05-08T10:53:56","guid":{"rendered":"http:\/\/localhost\/indobi\/?page_id=14"},"modified":"2024-02-07T13:43:10","modified_gmt":"2024-02-07T13:43:10","slug":"about-us","status":"publish","type":"page","link":"https:\/\/lublux.com\/index.php\/about-us\/","title":{"rendered":"O nas"},"content":{"rendered":"\t\t<div data-elementor-type=\"wp-page\" data-elementor-id=\"2929\" class=\"elementor elementor-2929\">\n\t\t\t\t\t\t<section class=\"elementor-section elementor-top-section elementor-element elementor-element-74a0bcc elementor-section-full_width elementor-section-height-default elementor-section-height-default\" data-id=\"74a0bcc\" data-element_type=\"section\" data-e-type=\"section\">\n\t\t\t\t\t\t<div class=\"elementor-container elementor-column-gap-no\">\n\t\t\t\t\t<div class=\"elementor-column elementor-col-100 elementor-top-column elementor-element elementor-element-0188452\" data-id=\"0188452\" data-element_type=\"column\" data-e-type=\"column\">\n\t\t\t<div class=\"elementor-widget-wrap elementor-element-populated\">\n\t\t\t\t\t\t<div class=\"elementor-element elementor-element-30c7b53 elementor-widget elementor-widget-Elementor-About-widget\" data-id=\"30c7b53\" data-element_type=\"widget\" data-e-type=\"widget\" data-widget_type=\"Elementor-About-widget.default\">\n\t\t\t\t<div class=\"elementor-widget-container\">\n\t\t\t\t\t<!-- about-area -->\n<section class=\"about-area about-p pb-120 p-relative fix\">\n    <div class=\"container\">\n        <div class=\"row justify-content-center align-items-center\">\n             <div class=\"col-lg-6 col-md-12 col-sm-12\">\n                <div class=\"s-about-img p-relative  wow fadeInLeft animated\" data-animation=\"fadeInLeft\" data-delay=\".4s\">\n                     <img decoding=\"async\" src=\"http:\/\/lublux.com\/wp-content\/uploads\/2024\/02\/pexels-ruslan-burlaka-140945-scaled.jpg\" alt=\"http:\/\/lublux.com\/wp-content\/uploads\/2024\/02\/pexels-ruslan-burlaka-140945-scaled.jpg\">  \n                <\/div>\n\n            <\/div>\n\n        <div class=\"col-lg-6 col-md-12 col-sm-12\">\n                <div class=\"about-content s-about-content  wow fadeInRight  animated\" data-animation=\"fadeInRight\" data-delay=\".4s\">\n                    <div class=\"about-title second-title pb-25\">  \n                         <h2>LubLux<\/h2>                                    \n                    <\/div>\n                      <ul class=\"product-qulity\">\n                            <p>LUBLUX to m\u0142oda i pr\u0119\u017cnie rozwijaj\u0105ca si\u0119 firma z\ng\u0142\u00f3wn\u0105 siedzib\u0105 na Lubelszczy\u017anie.<br>\nNa rynku pojawili\u015bmy si\u0119 do\u015b\u0107 niedawno, co mo\u017ce\ndawa\u0107 z\u0142udzenie niedo\u015bwiadczonych \u2013 wr\u0119cz\nprzeciwnie.<\/p>\n<p>\nJako firma jeste\u015bmy m\u0142odzi ale ka\u017cdy z nas posiada\nkilkunastoletnie do\u015bwiadczenie w bran\u017cy.\n<\/p><p>Po\u0142\u0105czyli\u015bmy si\u0142y firmy transportowej i spedycyjnej do\ntego dodali\u015bmy naszych pracownik\u00f3w no i otrzymali\u015bmy\nnajbardziej profesjonalny sk\u0142ad aby m\u00f3c sprosta\u0107\nPa\u0144stwa wymaganiom.\n<\/p>\n                                                      <\/ul>\n                <\/div>\n            <\/div>\n\n        <\/div>\n    <\/div>\n<\/section>\n<!-- about-area-end -->\t\t\t\t<\/div>\n\t\t\t\t<\/div>\n\t\t\t\t\t<\/div>\n\t\t<\/div>\n\t\t\t\t\t<\/div>\n\t\t<\/section>\n\t\t\t\t<\/div>\n\t\t","protected":false},"excerpt":{"rendered":"","protected":false},"author":1,"featured_media":0,"parent":0,"menu_order":0,"comment_status":"closed","ping_status":"closed","template":"inside.php","meta":{"footnotes":""},"class_list":["post-2929","page","type-page","status-publish","hentry"],"_links":{"self":[{"href":"https:\/\/lublux.com\/index.php\/wp-json\/wp\/v2\/pages\/2929","targetHints":{"allow":["GET"]}}],"collection":[{"href":"https:\/\/lublux.com\/index.php\/wp-json\/wp\/v2\/pages"}],"about":[{"href":"https:\/\/lublux.com\/index.php\/wp-json\/wp\/v2\/types\/page"}],"author":[{"embeddable":true,"href":"https:\/\/lublux.com\/index.php\/wp-json\/wp\/v2\/users\/1"}],"replies":[{"embeddable":true,"href":"https:\/\/lublux.com\/index.php\/wp-json\/wp\/v2\/comments?post=2929"}],"version-history":[{"count":31,"href":"https:\/\/lublux.com\/index.php\/wp-json\/wp\/v2\/pages\/2929\/revisions"}],"predecessor-version":[{"id":3008,"href":"https:\/\/lublux.com\/index.php\/wp-json\/wp\/v2\/pages\/2929\/revisions\/3008"}],"wp:attachment":[{"href":"https:\/\/lublux.com\/index.php\/wp-json\/wp\/v2\/media?parent=2929"}],"curies":[{"name":"wp","href":"https:\/\/api.w.org\/{rel}","templated":true}]}}