{"id":2886,"date":"2022-05-08T10:52:50","date_gmt":"2022-05-08T10:52:50","guid":{"rendered":"http:\/\/localhost\/indobi\/?page_id=10"},"modified":"2024-09-10T12:18:15","modified_gmt":"2024-09-10T12:18:15","slug":"home-page-02","status":"publish","type":"page","link":"https:\/\/lublux.com\/","title":{"rendered":"Strona g\u0142\u00f3wna"},"content":{"rendered":"\t\t<div data-elementor-type=\"wp-page\" data-elementor-id=\"2886\" class=\"elementor elementor-2886\">\n\t\t\t\t\t\t<section class=\"elementor-section elementor-top-section elementor-element elementor-element-8e8c670 elementor-section-full_width elementor-section-height-default elementor-section-height-default\" data-id=\"8e8c670\" data-element_type=\"section\" data-e-type=\"section\">\n\t\t\t\t\t\t<div class=\"elementor-container elementor-column-gap-no\">\n\t\t\t\t\t<div class=\"elementor-column elementor-col-100 elementor-top-column elementor-element elementor-element-e09d230\" data-id=\"e09d230\" data-element_type=\"column\" data-e-type=\"column\">\n\t\t\t<div class=\"elementor-widget-wrap elementor-element-populated\">\n\t\t\t\t\t\t<div class=\"elementor-element elementor-element-d725df9 elementor-widget elementor-widget-Elementor-Widget-header-slider-center\" data-id=\"d725df9\" data-element_type=\"widget\" data-e-type=\"widget\" data-widget_type=\"Elementor-Widget-header-slider-center.default\">\n\t\t\t\t<div class=\"elementor-widget-container\">\n\t\t\t\t\t<!-- slider-area -->\n<section id=\"home\" class=\"slider-area slider-four fix p-relative\">\n    <div class=\"slider-active\" style=\"background: #00173c;\">\n                       \n        <div class=\"single-slider slider-bg d-flex align-items-center\" style=\"background-image: url(); background-size: cover;\">\n            <div class=\"container\">\n               <div class=\"row justify-content-center align-items-center\">\n\n                    <div class=\"col-lg-9 col-md-9 text-center\">\n                        <div class=\"slider-content s-slider-content slider-text-2 mt-20\">\n                             <h5 data-animation=\"fadeInUp\" data-delay=\".4s\"><\/h5>\n                             <h2 data-animation=\"fadeInUp\" data-delay=\".4s\">Szybko\u015b\u0107, precyzja, niezawodno\u015b\u0107<\/h2>                                 <p data-animation=\"fadeInUp\" data-delay=\".4s\">Zaufana firma spedycyjna dostarczaj\u0105ca niezawodne us\u0142ugi logistyczne na miar\u0119 dzisiejszych potrzeb rynku. Nasza pasja do efektywnego transportu sprawia, \u017ce ka\u017cda przesy\u0142ka dociera do celu terminowo i bezpiecznie.<\/p>     \n                             <div class=\"slider-btn mt-20\">     \n                                <a href=\"https:\/\/lublux.com\/index.php\/about-us\/\" class=\"btn ss-btn active\" data-animation=\"fadeInLeft\" data-delay=\".4s\">O nas<\/a>\n                                <a href=\"https:\/\/lublux.com\/index.php\/contact-us\/\" class=\"btn ss-btn active\" data-animation=\"fadeInRight\" data-delay=\".4s\">Kontakt<\/a>\n                            <\/div>        \n\n                        <\/div>\n                    <\/div>\n\n                <\/div>\n            <\/div>\n        <\/div>\n           \n    <\/div>\n<\/section>\n<!-- slider-area-end -->\t\t\t\t<\/div>\n\t\t\t\t<\/div>\n\t\t\t\t\t<\/div>\n\t\t<\/div>\n\t\t\t\t\t<\/div>\n\t\t<\/section>\n\t\t\t\t<section class=\"elementor-section elementor-top-section elementor-element elementor-element-e9d77c8 elementor-section-full_width elementor-section-height-default elementor-section-height-default\" data-id=\"e9d77c8\" data-element_type=\"section\" data-e-type=\"section\">\n\t\t\t\t\t\t<div class=\"elementor-container elementor-column-gap-no\">\n\t\t\t\t\t<div class=\"elementor-column elementor-col-100 elementor-top-column elementor-element elementor-element-9c6eb28\" data-id=\"9c6eb28\" data-element_type=\"column\" data-e-type=\"column\">\n\t\t\t<div class=\"elementor-widget-wrap elementor-element-populated\">\n\t\t\t\t\t\t<div class=\"elementor-element elementor-element-6a27ad6 elementor-widget elementor-widget-Elementor-features-widget\" data-id=\"6a27ad6\" data-element_type=\"widget\" data-e-type=\"widget\" data-widget_type=\"Elementor-features-widget.default\">\n\t\t\t\t<div class=\"elementor-widget-container\">\n\t\t\t\t\t\n<!-- services-area -->\n<section id=\"services\" class=\"services-area services-bg pt-120 pb-90 p-relative\">\n    <div class=\"container\">\n        <div class=\"row justify-content-center\">\n            <div class=\"col-xl-7 col-lg-10\">\n                <div class=\"section-title text-center mb-35\">\n                    <h2>Nasza oferta<\/h2>\n                <\/div>\n            <\/div>\n        <\/div>\n        <div class=\"row\">\n                                             <div class=\"col-lg-4 col-md-6 mb-30\">\n                <div class=\"s-single-services  text-center\">\n                     <img decoding=\"async\" src=\"https:\/\/lublux.com\/wp-content\/uploads\/2022\/05\/97525b5f-87cb-40d0-966a-13b38258bcad.webp\" alt=\"https:\/\/lublux.com\/wp-content\/uploads\/2022\/05\/97525b5f-87cb-40d0-966a-13b38258bcad.webp\"> \n                    <div class=\"h-service\">\n                        <h5>Spedycja<\/h5>\n                        <p>Nasza firma oferuje kompleksowe us\u0142ugi logistyczne, zapewniaj\u0105c szybki i bezpieczny transport towar\u00f3w. Dzi\u0119ki do\u015bwiadczeniu naszego zespo\u0142u, gwarantujemy terminowe dostawy. <\/p>\n                    <\/div>\n                    <div class=\"services-icon\">\n                          <img decoding=\"async\" src=\"\" alt=\"\"> \n                    <\/div>\n                    <div class=\"services-hover\">\n                        <div class=\"box1\"><\/div>\n                        <div class=\"box2\"><\/div>\n                        <div class=\"second-services-content\">\n                            <h5>Spedycja<\/h5>\n                            <p>Nasza firma oferuje kompleksowe us\u0142ugi logistyczne, zapewniaj\u0105c szybki i bezpieczny transport towar\u00f3w. Dzi\u0119ki do\u015bwiadczeniu naszego zespo\u0142u, gwarantujemy terminowe dostawy. <\/p>\n                            <a href=\"https:\/\/lublux.com\/index.php\/spedycja\/\">Zobacz wi\u0119cej<\/a>\n                        <\/div>\n                    <\/div>\n                <\/div>\n            <\/div>\n                        <div class=\"col-lg-4 col-md-6 mb-30\">\n                <div class=\"s-single-services  text-center\">\n                     <img decoding=\"async\" src=\"https:\/\/lublux.com\/wp-content\/uploads\/2022\/05\/fb41f160-2a94-4538-a753-9e3097fa48f2.webp\" alt=\"https:\/\/lublux.com\/wp-content\/uploads\/2022\/05\/fb41f160-2a94-4538-a753-9e3097fa48f2.webp\"> \n                    <div class=\"h-service\">\n                        <h5>Wynajem<\/h5>\n                        <p>Oferujemy szeroki wyb\u00f3r pojazd\u00f3w na wynajem. Nasza flota obejmuje nowoczesne pojazdy zapewniaj\u0105c komfort, bezpiecze\u0144stwo i elastyczno\u015b\u0107 podczas podr\u00f3\u017cy czy przeprowadzki.<\/p>\n                    <\/div>\n                    <div class=\"services-icon\">\n                          <img decoding=\"async\" src=\"\" alt=\"\"> \n                    <\/div>\n                    <div class=\"services-hover\">\n                        <div class=\"box1\"><\/div>\n                        <div class=\"box2\"><\/div>\n                        <div class=\"second-services-content\">\n                            <h5>Wynajem<\/h5>\n                            <p>Oferujemy szeroki wyb\u00f3r pojazd\u00f3w na wynajem. Nasza flota obejmuje nowoczesne pojazdy zapewniaj\u0105c komfort, bezpiecze\u0144stwo i elastyczno\u015b\u0107 podczas podr\u00f3\u017cy czy przeprowadzki.<\/p>\n                            <a href=\"https:\/\/lublux.com\/index.php\/wynajem\/\">Zobacz wi\u0119cej<\/a>\n                        <\/div>\n                    <\/div>\n                <\/div>\n            <\/div>\n                        <div class=\"col-lg-4 col-md-6 mb-30\">\n                <div class=\"s-single-services  text-center\">\n                     <img decoding=\"async\" src=\"http:\/\/lublux.com\/wp-content\/uploads\/2022\/05\/b28d9319-6075-42cb-8052-4c30e705ee96.webp\" alt=\"http:\/\/lublux.com\/wp-content\/uploads\/2022\/05\/b28d9319-6075-42cb-8052-4c30e705ee96.webp\"> \n                    <div class=\"h-service\">\n                        <h5>Flota<\/h5>\n                        <p>Nasza firma dysponuje r\u00f3\u017cnorodn\u0105 flot\u0105 pojazd\u00f3w, obejmuj\u0105c\u0105 zar\u00f3wno samochody dostawcze, vany, jak i ci\u0119\u017car\u00f3wki. Dzi\u0119ki temu mo\u017cemy skutecznie obs\u0142u\u017cy\u0107 r\u00f3\u017cnorodne zlecenia transportowe.<\/p>\n                    <\/div>\n                    <div class=\"services-icon\">\n                          <img decoding=\"async\" src=\"\" alt=\"\"> \n                    <\/div>\n                    <div class=\"services-hover\">\n                        <div class=\"box1\"><\/div>\n                        <div class=\"box2\"><\/div>\n                        <div class=\"second-services-content\">\n                            <h5>Flota<\/h5>\n                            <p>Nasza firma dysponuje r\u00f3\u017cnorodn\u0105 flot\u0105 pojazd\u00f3w, obejmuj\u0105c\u0105 zar\u00f3wno samochody dostawcze, vany, jak i ci\u0119\u017car\u00f3wki. Dzi\u0119ki temu mo\u017cemy skutecznie obs\u0142u\u017cy\u0107 r\u00f3\u017cnorodne zlecenia transportowe.<\/p>\n                            <a href=\"https:\/\/lublux.com\/index.php\/flota\/\">Zobacz wi\u0119cej<\/a>\n                        <\/div>\n                    <\/div>\n                <\/div>\n            <\/div>\n             \n\n        <\/div>\n\n    <\/div>\n<\/section>\n<!-- services-area-end -->\t\t\t\t<\/div>\n\t\t\t\t<\/div>\n\t\t\t\t\t<\/div>\n\t\t<\/div>\n\t\t\t\t\t<\/div>\n\t\t<\/section>\n\t\t\t\t<\/div>\n\t\t","protected":false},"excerpt":{"rendered":"","protected":false},"author":1,"featured_media":0,"parent":0,"menu_order":0,"comment_status":"closed","ping_status":"closed","template":"home-page-one.php","meta":{"footnotes":""},"class_list":["post-2886","page","type-page","status-publish","hentry"],"_links":{"self":[{"href":"https:\/\/lublux.com\/index.php\/wp-json\/wp\/v2\/pages\/2886","targetHints":{"allow":["GET"]}}],"collection":[{"href":"https:\/\/lublux.com\/index.php\/wp-json\/wp\/v2\/pages"}],"about":[{"href":"https:\/\/lublux.com\/index.php\/wp-json\/wp\/v2\/types\/page"}],"author":[{"embeddable":true,"href":"https:\/\/lublux.com\/index.php\/wp-json\/wp\/v2\/users\/1"}],"replies":[{"embeddable":true,"href":"https:\/\/lublux.com\/index.php\/wp-json\/wp\/v2\/comments?post=2886"}],"version-history":[{"count":127,"href":"https:\/\/lublux.com\/index.php\/wp-json\/wp\/v2\/pages\/2886\/revisions"}],"predecessor-version":[{"id":13319,"href":"https:\/\/lublux.com\/index.php\/wp-json\/wp\/v2\/pages\/2886\/revisions\/13319"}],"wp:attachment":[{"href":"https:\/\/lublux.com\/index.php\/wp-json\/wp\/v2\/media?parent=2886"}],"curies":[{"name":"wp","href":"https:\/\/api.w.org\/{rel}","templated":true}]}}